{"id":2,"date":"2025-06-23T21:15:46","date_gmt":"2025-06-23T21:15:46","guid":{"rendered":"https:\/\/projects.investgreece.gr\/?page_id=2"},"modified":"2025-06-23T21:15:46","modified_gmt":"2025-06-23T21:15:46","slug":"ornek-sayfa","status":"publish","type":"page","link":"https:\/\/projects.investgreece.gr\/tr\/ornek-sayfa\/","title":{"rendered":"\u00d6rnek Sayfa"},"content":{"rendered":"<p>Bu \u00f6rnek bir sayfad\u0131r. Bir blog yaz\u0131s\u0131ndan farkl\u0131d\u0131r \u00e7\u00fcnk\u00fc tek bir yerde duracak ve sitenizin navigasyonunda (\u00e7o\u011fu temada) g\u00f6r\u00fcnecektir. \u00c7o\u011fu ki\u015fi, kendilerini potansiyel site ziyaret\u00e7ilerine tan\u0131tan bir Hakk\u0131nda sayfas\u0131yla ba\u015flar. \u015e\u00f6yle bir \u015fey yazabilir:<\/p>\n\n\n\n<blockquote class=\"wp-block-quote is-layout-flow wp-block-quote-is-layout-flow\"><p>Merhabalar! G\u00fcnd\u00fczleri bisikletli kurye, geceleri oyuncu aday\u0131y\u0131m ve bu da benim web sitem. Los Angeles'ta ya\u015f\u0131yorum, Jack ad\u0131nda harika bir k\u00f6pe\u011fim var ve pi\u00f1a coladas'\u0131 seviyorum. (Ve ya\u011fmura yakalanmay\u0131.)<\/p><\/blockquote>\n\n\n\n<p>...ya da bunun gibi bir \u015fey:<\/p>\n\n\n\n<blockquote class=\"wp-block-quote is-layout-flow wp-block-quote-is-layout-flow\"><p>XYZ Doohickey Company 1971 y\u0131l\u0131nda kuruldu ve o zamandan beri halka kaliteli doohickey'ler sunuyor. Gotham City'de bulunan XYZ, 2.000'den fazla ki\u015fiyi istihdam etmekte ve Gotham toplumu i\u00e7in her t\u00fcrl\u00fc harika \u015feyi yapmaktad\u0131r.<\/p><\/blockquote>\n\n\n\n<p>Yeni bir WordPress kullan\u0131c\u0131s\u0131 olarak \u015fu adrese gitmelisiniz <a href=\"https:\/\/projects.investgreece.gr\/wp-admin\/\">g\u00f6sterge paneliniz<\/a> bu sayfay\u0131 silmek ve i\u00e7eri\u011finiz i\u00e7in yeni sayfalar olu\u015fturmak i\u00e7in. \u0130yi e\u011flenceler!<\/p>","protected":false},"excerpt":{"rendered":"<p>This is an example page. It&#8217;s different from a blog post because it will stay in one place and will show up in your site navigation (in most themes). Most people start with an About page that introduces them to potential site visitors. It might say something like this: Hi there! I&#8217;m a bike messenger [&hellip;]<\/p>","protected":false},"author":1,"featured_media":0,"parent":0,"menu_order":0,"comment_status":"closed","ping_status":"open","template":"","meta":{"footnotes":""},"class_list":["post-2","page","type-page","status-publish","hentry"],"_links":{"self":[{"href":"https:\/\/projects.investgreece.gr\/tr\/wp-json\/wp\/v2\/pages\/2","targetHints":{"allow":["GET"]}}],"collection":[{"href":"https:\/\/projects.investgreece.gr\/tr\/wp-json\/wp\/v2\/pages"}],"about":[{"href":"https:\/\/projects.investgreece.gr\/tr\/wp-json\/wp\/v2\/types\/page"}],"author":[{"embeddable":true,"href":"https:\/\/projects.investgreece.gr\/tr\/wp-json\/wp\/v2\/users\/1"}],"replies":[{"embeddable":true,"href":"https:\/\/projects.investgreece.gr\/tr\/wp-json\/wp\/v2\/comments?post=2"}],"version-history":[{"count":0,"href":"https:\/\/projects.investgreece.gr\/tr\/wp-json\/wp\/v2\/pages\/2\/revisions"}],"wp:attachment":[{"href":"https:\/\/projects.investgreece.gr\/tr\/wp-json\/wp\/v2\/media?parent=2"}],"curies":[{"name":"wp","href":"https:\/\/api.w.org\/{rel}","templated":true}]}}